{"id":11,"date":"2014-04-26T16:57:30","date_gmt":"2014-04-26T16:57:30","guid":{"rendered":"http:\/\/demo.themegrill.com\/accelerate\/?page_id=11"},"modified":"2020-08-22T07:56:05","modified_gmt":"2020-08-22T07:56:05","slug":"business-page","status":"publish","type":"page","link":"https:\/\/expomont.pl\/en\/","title":{"rendered":"Stoiska targowe, wystawy, ekspozycje"},"content":{"rendered":"<h6 class=\"entry-title\"><a title=\"25 years of experience\">25 years of experience<\/a><\/h6>\n<p>We work tirelessly since 1996. Years of experience allow us to provide high quality service. We depend on our own transport vans and storage warehouse.<\/p>\n<h6>&nbsp;<\/h6>\n<h6 class=\"entry-title\"><a title=\"Complex service\">Complex service<\/a><\/h6>\n<p>We support the client throughout the whole process \u2013 from draft to finished structure. We provide individual approach to every customer and offer support in contacts with fair organisers.<\/p>\n<h6>&nbsp;<\/h6>\n<h6 class=\"entry-title\"><a title=\"Many satisfied customers\">Many satisfied customers<\/a><\/h6>\n<p>Na przestrzeni lat zostali\u015bmy obdarzeni zaufaniem wielu znanych marek, takich jak np. Orlen OIL, Autodesk i OMS. Regularnie budujemy stoiska na targach w ca\u0142ej Polsce, jak cho\u0107by na Targach Ksi\u0105\u017cki w Krakowie.<\/p>\n<p>&nbsp;<\/p>\n<div class=\"slider-title-head\">\n<h6 class=\"entry-title\"><a title=\"Individual stands\" href=\"https:\/\/expomont.pl\/en\/indywidualne-stoiska-targowe\/\">Individual stands<\/a><\/h6>\n<\/div>\n<div class=\"entry-content\">\n<p>Autorski projekt stoiska z u\u017cyciem wysokiej jako\u015bci materia\u0142\u00f3w niekonwencjonalnych. Niestandardowa forma stoiska pozwala znacznie wyr\u00f3\u017cni\u0107 si\u0119 spo\u015br\u00f3d innych wystawc\u00f3w i zwr\u00f3ci\u0107 uwag\u0119 odwiedzaj\u0105cych.<\/p>\n<\/div>\n<p>&nbsp;<\/p>\n<div class=\"slider-title-head\">\n<h6 class=\"entry-title\"><a title=\"Standard stands\" href=\"https:\/\/expomont.pl\/en\/standardowa-zabudowa-targow\/\">Standard stands<\/a><\/h6>\n<\/div>\n<div class=\"entry-content\">\n<p>Standard stalls are perfectly suited for different mass events, fairs and exhibitions.<\/p>\n<\/div>\n<div class=\"slider-title-head\">\n<h3>&nbsp;<\/h3>\n<h6 class=\"entry-title\"><a title=\"Other constructions\" href=\"http:\/\/expomont.pl\/en\/pozostale-zabudowy\/\">Other constructions<\/a><\/h6>\n<\/div>\n<div class=\"entry-content\">\n<p>Zaprojektujemy i zbudujemy wszelkie niestandardowe konstrukcje takie jak na przyk\u0142ad: recepcje, garderoby, punkty informacyjne, szatnie i \u015bcianki dzia\u0142owe.<\/p>\n<\/div>\n<p>&nbsp;<\/p>\n<div class=\"slider-title-head\">\n<h6 class=\"entry-title\"><a title=\"Transport services\" href=\"http:\/\/expomont.pl\/en\/uslugi-transportowe\/\">Transport services<\/a><\/h6>\n<\/div>\n<div class=\"entry-content\">\n<p>We also offer transport services of up to 3.5 tons all over Poland. We're available, always on time and We guarantee full security of transported goods.<\/p>\n<\/div>\n<p>&nbsp;<\/p>\n<div class=\"call-to-action-content\">\n<h6>Want to know more?<\/h6>\n<p>Do you need a stand for incoming fairs in Poland? Or maybe you are planning to organise an exhibition and you're in need of exhibition system? Contact us, we'll surely find a solution! No matter whether you're a fair organiser, an exhibitor or a private person \u2013 we'll try to match our offer to your needs.<\/p>\n<\/div>\n<p><a class=\"read-more\" title=\"Contact us!\" href=\"https:\/\/expomont.pl\/en\/kontakt\/\">Contact us!<\/a><\/p>\n<p>&nbsp;<\/p>\n<p><span style=\"color: #f7f7f7;\">stoisko na targach w Krakowie, targi <\/span><span style=\"color: #f7f7f7;\">w Warszawie, targi w Poznaniu, tanie stoiska, wycena stoiska, cena stoiska targowego, stoisko wystawiennicze, ile kosztuje stoisko na targach, ile kosztuje stoisko targowe, zabudowa targowa, zabudowa targ\u00f3w<\/span><\/p>","protected":false},"excerpt":{"rendered":"<p>25 lat do\u015bwiadczenia Pracujemy nieustannie od 1996 roku. Lata do\u015bwiadczenia pozwalaj\u0105 nam zapewni\u0107 mo\u017cliwie najwy\u017csz\u0105 jako\u015b\u0107 obs\u0142ugi. Posiadamy w\u0142asne samochody dostawcze i przestrze\u0144 magazynow\u0105. &nbsp; Kompleksowa obs\u0142uga Oferujemy wsparcie w ca\u0142ym procesie od projektu stoiska, a\u017c po jego monta\u017c. Zapewniamy<\/p>","protected":false},"author":1,"featured_media":0,"parent":0,"menu_order":0,"comment_status":"closed","ping_status":"closed","template":"page-templates\/business.php","meta":{"ngg_post_thumbnail":0},"yoast_head":"<!-- This site is optimized with the Yoast SEO plugin v16.1.1 - https:\/\/yoast.com\/wordpress\/plugins\/seo\/ -->\n<title>Stoiska targowe, wystawy, ekspozycje &middot; EXPO-MONT &middot; Krak\u00f3w, ca\u0142a Polska<\/title>\n<meta name=\"description\" content=\"Stoiska targowe, zabudowa targ\u00f3w, wystawy, ekspozycje, szatnie, eventy i inne. Dzia\u0142amy na terenie ca\u0142ej Polski. 25 lat do\u015bwiadczenia!\" \/>\n<link rel=\"canonical\" href=\"https:\/\/expomont.pl\/en\/\" \/>\n<meta property=\"og:locale\" content=\"en_GB\" \/>\n<meta property=\"og:type\" content=\"article\" \/>\n<meta property=\"og:title\" content=\"Stoiska targowe, wystawy, ekspozycje &middot; EXPO-MONT &middot; Krak\u00f3w, ca\u0142a Polska\" \/>\n<meta property=\"og:description\" content=\"Stoiska targowe, zabudowa targ\u00f3w, wystawy, ekspozycje, szatnie, eventy i inne. Dzia\u0142amy na terenie ca\u0142ej Polski. 25 lat do\u015bwiadczenia!\" \/>\n<meta property=\"og:url\" content=\"https:\/\/expomont.pl\/en\/\" \/>\n<meta property=\"og:site_name\" content=\"EXPO-MONT\" \/>\n<meta property=\"article:modified_time\" content=\"2020-08-22T07:56:05+00:00\" \/>\n<meta name=\"twitter:card\" content=\"summary_large_image\" \/>\n<meta name=\"twitter:label1\" content=\"Estimated reading time\">\n\t<meta name=\"twitter:data1\" content=\"2 minutes\">\n<script type=\"application\/ld+json\" class=\"yoast-schema-graph\">{\"@context\":\"https:\/\/schema.org\",\"@graph\":[{\"@type\":\"Organization\",\"@id\":\"https:\/\/expomont.pl\/#organization\",\"name\":\"EXPO-MONT Grzegorz Bogusz, Piotr Bogusz\",\"url\":\"https:\/\/expomont.pl\/\",\"sameAs\":[],\"logo\":{\"@type\":\"ImageObject\",\"@id\":\"https:\/\/expomont.pl\/#logo\",\"inLanguage\":\"en-GB\",\"url\":\"https:\/\/expomont.pl\/wp-content\/uploads\/2020\/05\/Logo_Expomont_150px_LOGO-DARK.png\",\"contentUrl\":\"https:\/\/expomont.pl\/wp-content\/uploads\/2020\/05\/Logo_Expomont_150px_LOGO-DARK.png\",\"width\":401,\"height\":131,\"caption\":\"EXPO-MONT Grzegorz Bogusz, Piotr Bogusz\"},\"image\":{\"@id\":\"https:\/\/expomont.pl\/#logo\"}},{\"@type\":\"WebSite\",\"@id\":\"https:\/\/expomont.pl\/#website\",\"url\":\"https:\/\/expomont.pl\/\",\"name\":\"EXPO-MONT\",\"description\":\"Standardowa zabudowa targowa, indywidualne stoiska targowe, szatnie i inne! Dzia\\u0142amy na terenie ca\\u0142ej Polski. 25 lat do\\u015bwiadczenia w bran\\u017cy!\",\"publisher\":{\"@id\":\"https:\/\/expomont.pl\/#organization\"},\"potentialAction\":[{\"@type\":\"SearchAction\",\"target\":\"https:\/\/expomont.pl\/?s={search_term_string}\",\"query-input\":\"required name=search_term_string\"}],\"inLanguage\":\"en-GB\"},{\"@type\":\"WebPage\",\"@id\":\"https:\/\/expomont.pl\/#webpage\",\"url\":\"https:\/\/expomont.pl\/\",\"name\":\"Stoiska targowe, wystawy, ekspozycje &middot; EXPO-MONT &middot; Krak\\u00f3w, ca\\u0142a Polska\",\"isPartOf\":{\"@id\":\"https:\/\/expomont.pl\/#website\"},\"datePublished\":\"2014-04-26T16:57:30+00:00\",\"dateModified\":\"2020-08-22T07:56:05+00:00\",\"description\":\"Stoiska targowe, zabudowa targ\\u00f3w, wystawy, ekspozycje, szatnie, eventy i inne. Dzia\\u0142amy na terenie ca\\u0142ej Polski. 25 lat do\\u015bwiadczenia!\",\"breadcrumb\":{\"@id\":\"https:\/\/expomont.pl\/#breadcrumb\"},\"inLanguage\":\"en-GB\",\"potentialAction\":[{\"@type\":\"ReadAction\",\"target\":[\"https:\/\/expomont.pl\/\"]}]},{\"@type\":\"BreadcrumbList\",\"@id\":\"https:\/\/expomont.pl\/#breadcrumb\",\"itemListElement\":[{\"@type\":\"ListItem\",\"position\":1,\"item\":{\"@type\":\"WebPage\",\"@id\":\"https:\/\/expomont.pl\/\",\"url\":\"https:\/\/expomont.pl\/\",\"name\":\"Strona g\\u0142\\u00f3wna\"}},{\"@type\":\"ListItem\",\"position\":2,\"item\":{\"@type\":\"WebPage\",\"@id\":\"https:\/\/expomont.pl\/\",\"url\":\"https:\/\/expomont.pl\/\",\"name\":\"Stoiska targowe, wystawy, ekspozycje\"}}]}]}<\/script>\n<!-- \/ Yoast SEO plugin. -->","_links":{"self":[{"href":"https:\/\/expomont.pl\/en\/wp-json\/wp\/v2\/pages\/11"}],"collection":[{"href":"https:\/\/expomont.pl\/en\/wp-json\/wp\/v2\/pages"}],"about":[{"href":"https:\/\/expomont.pl\/en\/wp-json\/wp\/v2\/types\/page"}],"author":[{"embeddable":true,"href":"https:\/\/expomont.pl\/en\/wp-json\/wp\/v2\/users\/1"}],"replies":[{"embeddable":true,"href":"https:\/\/expomont.pl\/en\/wp-json\/wp\/v2\/comments?post=11"}],"version-history":[{"count":5,"href":"https:\/\/expomont.pl\/en\/wp-json\/wp\/v2\/pages\/11\/revisions"}],"predecessor-version":[{"id":651,"href":"https:\/\/expomont.pl\/en\/wp-json\/wp\/v2\/pages\/11\/revisions\/651"}],"wp:attachment":[{"href":"https:\/\/expomont.pl\/en\/wp-json\/wp\/v2\/media?parent=11"}],"curies":[{"name":"wp","href":"https:\/\/api.w.org\/{rel}","templated":true}]}}