{"id":154,"date":"2014-06-29T13:07:45","date_gmt":"2014-06-29T13:07:45","guid":{"rendered":"http:\/\/demo.themegrill.com\/accelerate\/?page_id=154"},"modified":"2025-01-26T09:37:21","modified_gmt":"2025-01-26T09:37:21","slug":"kontakt","status":"publish","type":"page","link":"https:\/\/expomont.pl\/en\/kontakt\/","title":{"rendered":"Contact"},"content":{"rendered":"<p>Do you have any questions concerning our offer? Or maybe you would like to make a pricing query? Contact us, and we will try to answer you as soon as possible. You can reach us via mail: <a href=\"mailto:biuro@expomont.pl\">biuro@expomont.pl<\/a><\/p>\n<p>Remember, if you want to receive a price for your query, we need some information like:<\/p>\n<ul>\n<li>What is the size of the area for the construction? (even approximately)<\/li>\n<li>Where and when will the event take place?<\/li>\n<li>Do you already have a project, or do you want us to design one?<\/li>\n<li>What are your biggest needs and expectations for the construction?<\/li>\n<\/ul>\n<p>Do you already have an idea or inspiration for the stand? Remember to let us know about that! We will try to live up to your expectations.<\/p>\n<p> <span id=\"eeb-583308-894759\"><\/span><script type=\"text\/javascript\">(function(){var ml=\"81)423%0B6(\",mi=\":648302647971647377647954\",o=\"\";for(var j=0,l=mi.length;j<l;j++){o+=ml.charAt(mi.charCodeAt(j)-48);}document.getElementById(\"eeb-583308-894759\").innerHTML = decodeURIComponent(o);}());<\/script><noscript>*protected email*<\/noscript> <span id=\"eeb-976679-626247\"><\/span><script type=\"text\/javascript\">(function(){var ml=\"4(5)%8B0216\",mi=\"1486053487:794870254879:7\",o=\"\";for(var j=0,l=mi.length;j<l;j++){o+=ml.charAt(mi.charCodeAt(j)-48);}document.getElementById(\"eeb-976679-626247\").innerHTML = decodeURIComponent(o);}());<\/script><noscript>*protected email*<\/noscript>.<\/p>\n<p>Headquarters: <a href=\"https:\/\/maps.app.goo.gl\/1rxKkPhNP3p3byY89\" target=\"_blank\" rel=\"noopener\">ul. Centralna 57A, 31-586 Krak\u00f3w<\/a><\/p>\n<p>&nbsp;<\/p>","protected":false},"excerpt":{"rendered":"<p>Masz pytania dotycz\u0105ce Naszej oferty? A mo\u017ce chcesz otrzyma\u0107 wycen\u0119? Skontaktuj si\u0119 z Nami, a postaramy si\u0119 mo\u017cliwie szybko wr\u00f3ci\u0107 do Ciebie z odpowiedzi\u0105. Je\u017celi chcesz skontaktowa\u0107 si\u0119 z Nami mailowo, mo\u017cesz to zrobi\u0107 pod adresem biuro@expomont.pl Pami\u0119taj, aby otrzyma\u0107<\/p>","protected":false},"author":1,"featured_media":0,"parent":0,"menu_order":0,"comment_status":"closed","ping_status":"closed","template":"page-templates\/contact.php","meta":{"ngg_post_thumbnail":0},"yoast_head":"<!-- This site is optimized with the Yoast SEO plugin v16.1.1 - https:\/\/yoast.com\/wordpress\/plugins\/seo\/ -->\n<title>Kontakt &middot; EXPO-MONT<\/title>\n<link rel=\"canonical\" href=\"https:\/\/expomont.pl\/en\/kontakt\/\" \/>\n<meta property=\"og:locale\" content=\"en_GB\" \/>\n<meta property=\"og:type\" content=\"article\" \/>\n<meta property=\"og:title\" content=\"Kontakt &middot; EXPO-MONT\" \/>\n<meta property=\"og:description\" content=\"Masz pytania dotycz\u0105ce Naszej oferty? A mo\u017ce chcesz otrzyma\u0107 wycen\u0119? Skontaktuj si\u0119 z Nami, a postaramy si\u0119 mo\u017cliwie szybko wr\u00f3ci\u0107 do Ciebie z odpowiedzi\u0105. Je\u017celi chcesz skontaktowa\u0107 si\u0119 z Nami mailowo, mo\u017cesz to zrobi\u0107 pod adresem biuro@expomont.pl Pami\u0119taj, aby otrzyma\u0107\" \/>\n<meta property=\"og:url\" content=\"https:\/\/expomont.pl\/en\/kontakt\/\" \/>\n<meta property=\"og:site_name\" content=\"EXPO-MONT\" \/>\n<meta property=\"article:modified_time\" content=\"2025-01-26T09:37:21+00:00\" \/>\n<meta name=\"twitter:card\" content=\"summary_large_image\" \/>\n<meta name=\"twitter:label1\" content=\"Estimated reading time\">\n\t<meta name=\"twitter:data1\" content=\"1 minute\">\n<script type=\"application\/ld+json\" class=\"yoast-schema-graph\">{\"@context\":\"https:\/\/schema.org\",\"@graph\":[{\"@type\":\"Organization\",\"@id\":\"https:\/\/expomont.pl\/#organization\",\"name\":\"EXPO-MONT Grzegorz Bogusz, Piotr Bogusz\",\"url\":\"https:\/\/expomont.pl\/\",\"sameAs\":[],\"logo\":{\"@type\":\"ImageObject\",\"@id\":\"https:\/\/expomont.pl\/#logo\",\"inLanguage\":\"en-GB\",\"url\":\"https:\/\/expomont.pl\/wp-content\/uploads\/2020\/05\/Logo_Expomont_150px_LOGO-DARK.png\",\"contentUrl\":\"https:\/\/expomont.pl\/wp-content\/uploads\/2020\/05\/Logo_Expomont_150px_LOGO-DARK.png\",\"width\":401,\"height\":131,\"caption\":\"EXPO-MONT Grzegorz Bogusz, Piotr Bogusz\"},\"image\":{\"@id\":\"https:\/\/expomont.pl\/#logo\"}},{\"@type\":\"WebSite\",\"@id\":\"https:\/\/expomont.pl\/#website\",\"url\":\"https:\/\/expomont.pl\/\",\"name\":\"EXPO-MONT\",\"description\":\"Standardowa zabudowa targowa, indywidualne stoiska targowe, szatnie i inne! Dzia\\u0142amy na terenie ca\\u0142ej Polski. 25 lat do\\u015bwiadczenia w bran\\u017cy!\",\"publisher\":{\"@id\":\"https:\/\/expomont.pl\/#organization\"},\"potentialAction\":[{\"@type\":\"SearchAction\",\"target\":\"https:\/\/expomont.pl\/?s={search_term_string}\",\"query-input\":\"required name=search_term_string\"}],\"inLanguage\":\"en-GB\"},{\"@type\":\"WebPage\",\"@id\":\"https:\/\/expomont.pl\/kontakt\/#webpage\",\"url\":\"https:\/\/expomont.pl\/kontakt\/\",\"name\":\"Kontakt &middot; EXPO-MONT\",\"isPartOf\":{\"@id\":\"https:\/\/expomont.pl\/#website\"},\"datePublished\":\"2014-06-29T13:07:45+00:00\",\"dateModified\":\"2025-01-26T09:37:21+00:00\",\"breadcrumb\":{\"@id\":\"https:\/\/expomont.pl\/kontakt\/#breadcrumb\"},\"inLanguage\":\"en-GB\",\"potentialAction\":[{\"@type\":\"ReadAction\",\"target\":[\"https:\/\/expomont.pl\/kontakt\/\"]}]},{\"@type\":\"BreadcrumbList\",\"@id\":\"https:\/\/expomont.pl\/kontakt\/#breadcrumb\",\"itemListElement\":[{\"@type\":\"ListItem\",\"position\":1,\"item\":{\"@type\":\"WebPage\",\"@id\":\"https:\/\/expomont.pl\/\",\"url\":\"https:\/\/expomont.pl\/\",\"name\":\"Strona g\\u0142\\u00f3wna\"}},{\"@type\":\"ListItem\",\"position\":2,\"item\":{\"@type\":\"WebPage\",\"@id\":\"https:\/\/expomont.pl\/kontakt\/\",\"url\":\"https:\/\/expomont.pl\/kontakt\/\",\"name\":\"Kontakt\"}}]}]}<\/script>\n<!-- \/ Yoast SEO plugin. -->","_links":{"self":[{"href":"https:\/\/expomont.pl\/en\/wp-json\/wp\/v2\/pages\/154"}],"collection":[{"href":"https:\/\/expomont.pl\/en\/wp-json\/wp\/v2\/pages"}],"about":[{"href":"https:\/\/expomont.pl\/en\/wp-json\/wp\/v2\/types\/page"}],"author":[{"embeddable":true,"href":"https:\/\/expomont.pl\/en\/wp-json\/wp\/v2\/users\/1"}],"replies":[{"embeddable":true,"href":"https:\/\/expomont.pl\/en\/wp-json\/wp\/v2\/comments?post=154"}],"version-history":[{"count":29,"href":"https:\/\/expomont.pl\/en\/wp-json\/wp\/v2\/pages\/154\/revisions"}],"predecessor-version":[{"id":901,"href":"https:\/\/expomont.pl\/en\/wp-json\/wp\/v2\/pages\/154\/revisions\/901"}],"wp:attachment":[{"href":"https:\/\/expomont.pl\/en\/wp-json\/wp\/v2\/media?parent=154"}],"curies":[{"name":"wp","href":"https:\/\/api.w.org\/{rel}","templated":true}]}}