{"id":795,"date":"2020-08-29T09:29:09","date_gmt":"2020-08-29T09:29:09","guid":{"rendered":"https:\/\/expomont.pl\/?page_id=795"},"modified":"2025-09-27T07:54:17","modified_gmt":"2025-09-27T07:54:17","slug":"polityka-cookies","status":"publish","type":"page","link":"https:\/\/expomont.pl\/en\/polityka-cookies\/","title":{"rendered":"Cookies Policy"},"content":{"rendered":"<ol start=\"1\">\n<li>The website does not automatically collect any information, except for information contained in cookies.<\/li>\n<li>Cookie files (so-called \"cookies\") are IT data, in particular text files, which are stored on the Website User's end device and are intended for use with the Website's pages. Cookies usually contain the name of the website they come from, the storage time on the end device and a unique number.<\/li>\n<li>Podmiotem zamieszczaj\u0105cym na urz\u0105dzeniu ko\u0144cowym U\u017cytkownika Serwisu pliki cookies oraz uzyskuj\u0105cym do nich dost\u0119p jest operator Serwisu EXPO-MONT Grzegorz Bogusz, Piotr Bogusz z siedzib\u0105 pod adresem ul. Centralna 57A, 31-586 Krak\u00f3w.<\/li>\n<li>Cookies are used for the following purposes:\n<ul>\n<li>adjusting the content of the Website pages to the User's preferences and optimizing the use of websites; in particular, these files allow to recognize the device of the Website User and properly display the website, tailored to his individual needs;<\/li>\n<li>creating statistics that help to understand how Website Users use websites, which allows improving their structure and content;<\/li>\n<\/ul>\n<\/li>\n<li>The Website uses two basic types of cookies: session cookies and persistent cookies. Session cookies are temporary files that are stored on the User's end device until logging out, leaving the website or turning off the software (web browser). Persistent cookies are stored on the User's end device for the time specified in the cookie file parameters or until they are deleted by the User.<\/li>\n<li>The following types of cookies are used within the Website:\n<ul>\n<li>\"necessary\" cookies, enabling the use of services available on the Website, eg authentication cookies used for services that require authentication on the Website;<\/li>\n<li>cookies used to ensure security, e.g. used to detect fraud in the field of authentication on the Website;<\/li>\n<li>\"performance\" cookies, enabling the collection of information on the use of the website pages;<\/li>\n<li>\"functional\" cookies, enabling \"remembering\" the settings selected by the User and personalization of the User's interface, eg in terms of the selected language or region of the User's origin, font size, website appearance, etc .;<\/li>\n<li>\"advertising\" cookies, enabling the delivery of advertising content to Users more tailored to their interests.<\/li>\n<\/ul>\n<\/li>\n<li>In many cases, the software used for browsing websites (web browser) allows cookies to be stored on the User's end device by default. The Website Users can change their cookie settings at any time. These settings can be changed in particular in such a way as to block the automatic handling of cookies in the web browser settings or to inform about their every posting on the Website User's device. Detailed information on the possibilities and methods of handling cookies is available in the software (web browser) settings.<\/li>\n<li>The website operator informs that restricting the use of cookies may affect some of the functionalities available on the website pages.<\/li>\n<li>Cookies placed on the Website User's end device may also be used by advertisers and partners cooperating with the Website operator.<\/li>\n<li>More information on cookies is available at&nbsp; <a href=\"https:\/\/wszystkoociasteczkach.pl\/\">https:\/\/wszystkoociasteczkach.pl\/<\/a>&nbsp; or in the \"Help\" section in the browser's menu.<\/li>\n<\/ol>\n<p>&nbsp;<\/p>\n<p>Lista plik\u00f3w Cookie:<\/p>\n<p>&nbsp;<\/p>\n<p>&nbsp;<\/p>\n<div class=\"cky-audit-table-element\">&nbsp;<\/div>","protected":false},"excerpt":{"rendered":"<p>Serwis nie zbiera w spos\u00f3b automatyczny \u017cadnych informacji, z wyj\u0105tkiem informacji zawartych w plikach cookies. Pliki cookies (tzw. \u201eciasteczka\u201d) stanowi\u0105 dane informatyczne, w szczeg\u00f3lno\u015bci pliki tekstowe, kt\u00f3re przechowywane s\u0105 w urz\u0105dzeniu ko\u0144cowym U\u017cytkownika Serwisu i przeznaczone s\u0105 do korzystania ze<\/p>","protected":false},"author":1,"featured_media":0,"parent":0,"menu_order":0,"comment_status":"closed","ping_status":"closed","template":"","meta":{"ngg_post_thumbnail":0},"yoast_head":"<!-- This site is optimized with the Yoast SEO plugin v16.1.1 - https:\/\/yoast.com\/wordpress\/plugins\/seo\/ -->\n<title>Polityka Cookies &middot; EXPO-MONT<\/title>\n<link rel=\"canonical\" href=\"https:\/\/expomont.pl\/en\/polityka-cookies\/\" \/>\n<meta property=\"og:locale\" content=\"en_GB\" \/>\n<meta property=\"og:type\" content=\"article\" \/>\n<meta property=\"og:title\" content=\"Polityka Cookies &middot; EXPO-MONT\" \/>\n<meta property=\"og:description\" content=\"Serwis nie zbiera w spos\u00f3b automatyczny \u017cadnych informacji, z wyj\u0105tkiem informacji zawartych w plikach cookies. Pliki cookies (tzw. \u201eciasteczka\u201d) stanowi\u0105 dane informatyczne, w szczeg\u00f3lno\u015bci pliki tekstowe, kt\u00f3re przechowywane s\u0105 w urz\u0105dzeniu ko\u0144cowym U\u017cytkownika Serwisu i przeznaczone s\u0105 do korzystania ze\" \/>\n<meta property=\"og:url\" content=\"https:\/\/expomont.pl\/en\/polityka-cookies\/\" \/>\n<meta property=\"og:site_name\" content=\"EXPO-MONT\" \/>\n<meta property=\"article:modified_time\" content=\"2025-09-27T07:54:17+00:00\" \/>\n<meta name=\"twitter:card\" content=\"summary_large_image\" \/>\n<meta name=\"twitter:label1\" content=\"Estimated reading time\">\n\t<meta name=\"twitter:data1\" content=\"3 minutes\">\n<script type=\"application\/ld+json\" class=\"yoast-schema-graph\">{\"@context\":\"https:\/\/schema.org\",\"@graph\":[{\"@type\":\"Organization\",\"@id\":\"https:\/\/expomont.pl\/#organization\",\"name\":\"EXPO-MONT Grzegorz Bogusz, Piotr Bogusz\",\"url\":\"https:\/\/expomont.pl\/\",\"sameAs\":[],\"logo\":{\"@type\":\"ImageObject\",\"@id\":\"https:\/\/expomont.pl\/#logo\",\"inLanguage\":\"en-GB\",\"url\":\"https:\/\/expomont.pl\/wp-content\/uploads\/2020\/05\/Logo_Expomont_150px_LOGO-DARK.png\",\"contentUrl\":\"https:\/\/expomont.pl\/wp-content\/uploads\/2020\/05\/Logo_Expomont_150px_LOGO-DARK.png\",\"width\":401,\"height\":131,\"caption\":\"EXPO-MONT Grzegorz Bogusz, Piotr Bogusz\"},\"image\":{\"@id\":\"https:\/\/expomont.pl\/#logo\"}},{\"@type\":\"WebSite\",\"@id\":\"https:\/\/expomont.pl\/#website\",\"url\":\"https:\/\/expomont.pl\/\",\"name\":\"EXPO-MONT\",\"description\":\"Standardowa zabudowa targowa, indywidualne stoiska targowe, szatnie i inne! Dzia\\u0142amy na terenie ca\\u0142ej Polski. 25 lat do\\u015bwiadczenia w bran\\u017cy!\",\"publisher\":{\"@id\":\"https:\/\/expomont.pl\/#organization\"},\"potentialAction\":[{\"@type\":\"SearchAction\",\"target\":\"https:\/\/expomont.pl\/?s={search_term_string}\",\"query-input\":\"required name=search_term_string\"}],\"inLanguage\":\"en-GB\"},{\"@type\":\"WebPage\",\"@id\":\"https:\/\/expomont.pl\/polityka-cookies\/#webpage\",\"url\":\"https:\/\/expomont.pl\/polityka-cookies\/\",\"name\":\"Polityka Cookies &middot; EXPO-MONT\",\"isPartOf\":{\"@id\":\"https:\/\/expomont.pl\/#website\"},\"datePublished\":\"2020-08-29T09:29:09+00:00\",\"dateModified\":\"2025-09-27T07:54:17+00:00\",\"breadcrumb\":{\"@id\":\"https:\/\/expomont.pl\/polityka-cookies\/#breadcrumb\"},\"inLanguage\":\"en-GB\",\"potentialAction\":[{\"@type\":\"ReadAction\",\"target\":[\"https:\/\/expomont.pl\/polityka-cookies\/\"]}]},{\"@type\":\"BreadcrumbList\",\"@id\":\"https:\/\/expomont.pl\/polityka-cookies\/#breadcrumb\",\"itemListElement\":[{\"@type\":\"ListItem\",\"position\":1,\"item\":{\"@type\":\"WebPage\",\"@id\":\"https:\/\/expomont.pl\/\",\"url\":\"https:\/\/expomont.pl\/\",\"name\":\"Strona g\\u0142\\u00f3wna\"}},{\"@type\":\"ListItem\",\"position\":2,\"item\":{\"@type\":\"WebPage\",\"@id\":\"https:\/\/expomont.pl\/polityka-cookies\/\",\"url\":\"https:\/\/expomont.pl\/polityka-cookies\/\",\"name\":\"Polityka Cookies\"}}]}]}<\/script>\n<!-- \/ Yoast SEO plugin. -->","_links":{"self":[{"href":"https:\/\/expomont.pl\/en\/wp-json\/wp\/v2\/pages\/795"}],"collection":[{"href":"https:\/\/expomont.pl\/en\/wp-json\/wp\/v2\/pages"}],"about":[{"href":"https:\/\/expomont.pl\/en\/wp-json\/wp\/v2\/types\/page"}],"author":[{"embeddable":true,"href":"https:\/\/expomont.pl\/en\/wp-json\/wp\/v2\/users\/1"}],"replies":[{"embeddable":true,"href":"https:\/\/expomont.pl\/en\/wp-json\/wp\/v2\/comments?post=795"}],"version-history":[{"count":4,"href":"https:\/\/expomont.pl\/en\/wp-json\/wp\/v2\/pages\/795\/revisions"}],"predecessor-version":[{"id":905,"href":"https:\/\/expomont.pl\/en\/wp-json\/wp\/v2\/pages\/795\/revisions\/905"}],"wp:attachment":[{"href":"https:\/\/expomont.pl\/en\/wp-json\/wp\/v2\/media?parent=795"}],"curies":[{"name":"wp","href":"https:\/\/api.w.org\/{rel}","templated":true}]}}